{"id":7,"date":"2026-02-18T15:50:43","date_gmt":"2026-02-18T15:50:43","guid":{"rendered":"https:\/\/corealis.de\/?page_id=7"},"modified":"2026-02-18T15:55:12","modified_gmt":"2026-02-18T15:55:12","slug":"coming-soon","status":"publish","type":"page","link":"https:\/\/corealis.de\/","title":{"rendered":"Coming Soon"},"content":{"rendered":"\t\t<div data-elementor-type=\"wp-page\" data-elementor-id=\"7\" class=\"elementor elementor-7\">\n\t\t\t\t<div class=\"elementor-element elementor-element-e53326b e-con-full e-flex e-con e-parent\" data-id=\"e53326b\" data-element_type=\"container\" data-e-type=\"container\" data-settings=\"{&quot;background_background&quot;:&quot;classic&quot;}\">\n\t\t<div class=\"elementor-element elementor-element-69f0c7d e-con-full e-flex e-con e-child\" data-id=\"69f0c7d\" data-element_type=\"container\" data-e-type=\"container\">\n\t\t\t\t<div class=\"elementor-element elementor-element-996409f elementor-widget elementor-widget-image\" data-id=\"996409f\" data-element_type=\"widget\" data-e-type=\"widget\" data-widget_type=\"image.default\">\n\t\t\t\t\t\t\t\t\t\t\t\t\t\t\t<img decoding=\"async\" width=\"300\" height=\"92\" src=\"https:\/\/corealis.de\/wp-content\/uploads\/2026\/02\/corealis-Logo-weiss-ohne-claim-orange-schwarz-300x92-1.png\" class=\"attachment-large size-large wp-image-10\" alt=\"\" \/>\t\t\t\t\t\t\t\t\t\t\t\t\t\t\t<\/div>\n\t\t\t\t<div class=\"elementor-element elementor-element-b53ff31 elementor-widget elementor-widget-heading\" data-id=\"b53ff31\" data-element_type=\"widget\" data-e-type=\"widget\" data-widget_type=\"heading.default\">\n\t\t\t\t\t<h2 class=\"elementor-heading-title elementor-size-default\">Wir bauen um, f\u00fcr Sie!<\/h2>\t\t\t\t<\/div>\n\t\t\t\t<div class=\"elementor-element elementor-element-fa6c11b elementor-widget elementor-widget-heading\" data-id=\"fa6c11b\" data-element_type=\"widget\" data-e-type=\"widget\" data-widget_type=\"heading.default\">\n\t\t\t\t\t<h2 class=\"elementor-heading-title elementor-size-default\">Bald erreichen Sie hier unsere neue Webseite.<\/h2>\t\t\t\t<\/div>\n\t\t\t\t<\/div>\n\t\t<div class=\"elementor-element elementor-element-75b90d6 e-con-full e-flex e-con e-child\" data-id=\"75b90d6\" data-element_type=\"container\" data-e-type=\"container\">\n\t\t<div class=\"elementor-element elementor-element-fe3e230 e-con-full e-flex e-con e-child\" data-id=\"fe3e230\" data-element_type=\"container\" data-e-type=\"container\">\n\t\t\t\t<div class=\"elementor-element elementor-element-4c0eca8 elementor-widget elementor-widget-text-editor\" data-id=\"4c0eca8\" data-element_type=\"widget\" data-e-type=\"widget\" data-widget_type=\"text-editor.default\">\n\t\t\t\t\t\t\t\t\t<p><a href=\"https:\/\/www.immowelt.de\/profil\/c993102e63f94c00b4fe63e24fbc30e5\" data-wplink-edit=\"true\"><b>corealis Commercial Real Estate GmbH<\/b> <br \/>Immobilien bei immowelt.de<\/a><\/p>\t\t\t\t\t\t\t\t<\/div>\n\t\t\t\t<div class=\"elementor-element elementor-element-e1520f2 elementor-widget elementor-widget-image\" data-id=\"e1520f2\" data-element_type=\"widget\" data-e-type=\"widget\" data-widget_type=\"image.default\">\n\t\t\t\t\t\t\t\t\t\t\t\t\t\t\t\t<a href=\"https:\/\/www.immowelt.de\/profil\/c993102e63f94c00b4fe63e24fbc30e5\">\n\t\t\t\t\t\t\t<img fetchpriority=\"high\" decoding=\"async\" width=\"512\" height=\"512\" src=\"https:\/\/corealis.de\/wp-content\/uploads\/2026\/02\/unnamed.png\" class=\"attachment-large size-large wp-image-11\" alt=\"\" srcset=\"https:\/\/corealis.de\/wp-content\/uploads\/2026\/02\/unnamed.png 512w, https:\/\/corealis.de\/wp-content\/uploads\/2026\/02\/unnamed-300x300.png 300w, https:\/\/corealis.de\/wp-content\/uploads\/2026\/02\/unnamed-150x150.png 150w\" sizes=\"(max-width: 512px) 100vw, 512px\" \/>\t\t\t\t\t\t\t\t<\/a>\n\t\t\t\t\t\t\t\t\t\t\t\t\t\t\t<\/div>\n\t\t\t\t<\/div>\n\t\t<div class=\"elementor-element elementor-element-885a7a2 e-con-full e-flex e-con e-child\" data-id=\"885a7a2\" data-element_type=\"container\" data-e-type=\"container\">\n\t\t\t\t<div class=\"elementor-element elementor-element-2534e2f elementor-widget elementor-widget-text-editor\" data-id=\"2534e2f\" data-element_type=\"widget\" data-e-type=\"widget\" data-widget_type=\"text-editor.default\">\n\t\t\t\t\t\t\t\t\t<p><a href=\"https:\/\/www.immobilienscout24.de\/anbieter\/profil\/corealis-commercial-real-estate-gmbh\" data-wplink-edit=\"true\"><b>corealis Commercial Real Estate GmbH<\/b> <br \/>Immobilienmakler bei ImmoScout24<\/a><\/p>\t\t\t\t\t\t\t\t<\/div>\n\t\t\t\t<div class=\"elementor-element elementor-element-699a819 elementor-widget elementor-widget-image\" data-id=\"699a819\" data-element_type=\"widget\" data-e-type=\"widget\" data-widget_type=\"image.default\">\n\t\t\t\t\t\t\t\t\t\t\t\t\t\t\t\t<a href=\"https:\/\/www.immobilienscout24.de\/anbieter\/profil\/corealis-commercial-real-estate-gmbh\">\n\t\t\t\t\t\t\t<img decoding=\"async\" width=\"1024\" height=\"1024\" src=\"https:\/\/corealis.de\/wp-content\/uploads\/2026\/02\/idM3Jwy_rE_1747992450632-1024x1024.png\" class=\"attachment-large size-large wp-image-12\" alt=\"\" srcset=\"https:\/\/corealis.de\/wp-content\/uploads\/2026\/02\/idM3Jwy_rE_1747992450632-1024x1024.png 1024w, https:\/\/corealis.de\/wp-content\/uploads\/2026\/02\/idM3Jwy_rE_1747992450632-300x300.png 300w, https:\/\/corealis.de\/wp-content\/uploads\/2026\/02\/idM3Jwy_rE_1747992450632-150x150.png 150w, https:\/\/corealis.de\/wp-content\/uploads\/2026\/02\/idM3Jwy_rE_1747992450632-768x768.png 768w, https:\/\/corealis.de\/wp-content\/uploads\/2026\/02\/idM3Jwy_rE_1747992450632.png 1200w\" sizes=\"(max-width: 1024px) 100vw, 1024px\" \/>\t\t\t\t\t\t\t\t<\/a>\n\t\t\t\t\t\t\t\t\t\t\t\t\t\t\t<\/div>\n\t\t\t\t<\/div>\n\t\t<div class=\"elementor-element elementor-element-78ba97b e-con-full e-flex e-con e-child\" data-id=\"78ba97b\" data-element_type=\"container\" data-e-type=\"container\">\n\t\t\t\t<div class=\"elementor-element elementor-element-db12eca elementor-widget elementor-widget-text-editor\" data-id=\"db12eca\" data-element_type=\"widget\" data-e-type=\"widget\" data-widget_type=\"text-editor.default\">\n\t\t\t\t\t\t\t\t\t<p><a href=\"https:\/\/www.buerosuche.de\/objektliste?price_type=per_m2&amp;size_type=m2&amp;max_distance_type=us&amp;area=16&amp;location%5B0%5D=D%C3%BCsseldorf%2C+Deutschland&amp;lat%5B0%5D=51.2230411&amp;long%5B0%5D=6.7824545&amp;radius%5B0%5D=16&amp;locationType%5B0%5D=city&amp;id%5B0%5D=11374500\" data-wplink-edit=\"true\"><b>corealis Commercial Real Estate GmbH<\/b><br \/>B\u00fcros finden auf B\u00fcrosuche.de<\/a><\/p>\t\t\t\t\t\t\t\t<\/div>\n\t\t\t\t<div class=\"elementor-element elementor-element-9ffff29 elementor-widget elementor-widget-image\" data-id=\"9ffff29\" data-element_type=\"widget\" data-e-type=\"widget\" data-widget_type=\"image.default\">\n\t\t\t\t\t\t\t\t\t\t\t\t\t\t\t\t<a href=\"https:\/\/www.buerosuche.de\/objektliste?price_type=per_m2&#038;size_type=m2&#038;max_distance_type=us&#038;area=16&#038;location%5B0%5D=D%C3%BCsseldorf%2C+Deutschland&#038;lat%5B0%5D=51.2230411&#038;long%5B0%5D=6.7824545&#038;radius%5B0%5D=16&#038;locationType%5B0%5D=city&#038;id%5B0%5D=11374500\">\n\t\t\t\t\t\t\t<img loading=\"lazy\" decoding=\"async\" width=\"298\" height=\"37\" src=\"https:\/\/corealis.de\/wp-content\/uploads\/2026\/02\/logo-green-1-1.svg\" class=\"attachment-large size-large wp-image-25\" alt=\"\" \/>\t\t\t\t\t\t\t\t<\/a>\n\t\t\t\t\t\t\t\t\t\t\t\t\t\t\t<\/div>\n\t\t\t\t<\/div>\n\t\t\t\t<\/div>\n\t\t<div class=\"elementor-element elementor-element-a79f94b e-con-full e-flex e-con e-child\" data-id=\"a79f94b\" data-element_type=\"container\" data-e-type=\"container\">\n\t\t\t\t<div class=\"elementor-element elementor-element-ebea769 elementor-widget elementor-widget-text-editor\" data-id=\"ebea769\" data-element_type=\"widget\" data-e-type=\"widget\" data-widget_type=\"text-editor.default\">\n\t\t\t\t\t\t\t\t\t<p>Corealis Commercial Real Estate GmbH<br \/>Hohe Stra\u00dfe 8 &#8211; 40213 D\u00fcsseldorf<br \/>Tel: +49 211 522 88 470 &#8211; Fax: +49 211 52288479<\/p>\t\t\t\t\t\t\t\t<\/div>\n\t\t\t\t<\/div>\n\t\t\t\t<\/div>\n\t\t\t\t<\/div>\n\t\t","protected":false},"excerpt":{"rendered":"<p>Wir bauen um, f\u00fcr Sie! Bald erreichen Sie hier unsere neue Webseite. corealis Commercial Real Estate GmbH Immobilien bei immowelt.de corealis Commercial Real Estate GmbH Immobilienmakler bei ImmoScout24 corealis Commercial Real Estate GmbHB\u00fcros finden auf B\u00fcrosuche.de Corealis Commercial Real Estate GmbHHohe Stra\u00dfe 8 &#8211; 40213 D\u00fcsseldorfTel: +49 211 522 88 470 &#8211; Fax: +49 211 [&hellip;]<\/p>\n","protected":false},"author":1,"featured_media":0,"parent":0,"menu_order":0,"comment_status":"closed","ping_status":"closed","template":"elementor_canvas","meta":{"footnotes":""},"class_list":["post-7","page","type-page","status-publish","hentry"],"_links":{"self":[{"href":"https:\/\/corealis.de\/index.php?rest_route=\/wp\/v2\/pages\/7","targetHints":{"allow":["GET"]}}],"collection":[{"href":"https:\/\/corealis.de\/index.php?rest_route=\/wp\/v2\/pages"}],"about":[{"href":"https:\/\/corealis.de\/index.php?rest_route=\/wp\/v2\/types\/page"}],"author":[{"embeddable":true,"href":"https:\/\/corealis.de\/index.php?rest_route=\/wp\/v2\/users\/1"}],"replies":[{"embeddable":true,"href":"https:\/\/corealis.de\/index.php?rest_route=%2Fwp%2Fv2%2Fcomments&post=7"}],"version-history":[{"count":13,"href":"https:\/\/corealis.de\/index.php?rest_route=\/wp\/v2\/pages\/7\/revisions"}],"predecessor-version":[{"id":31,"href":"https:\/\/corealis.de\/index.php?rest_route=\/wp\/v2\/pages\/7\/revisions\/31"}],"wp:attachment":[{"href":"https:\/\/corealis.de\/index.php?rest_route=%2Fwp%2Fv2%2Fmedia&parent=7"}],"curies":[{"name":"wp","href":"https:\/\/api.w.org\/{rel}","templated":true}]}}